{"id":873,"date":"2025-11-04T13:24:18","date_gmt":"2025-11-04T13:24:18","guid":{"rendered":"https:\/\/sonosaigon.com\/?page_id=873"},"modified":"2025-11-19T06:41:47","modified_gmt":"2025-11-19T06:41:47","slug":"lua","status":"publish","type":"page","link":"https:\/\/sonosaigon.com\/en\/lua\/","title":{"rendered":"L\u00faa"},"content":{"rendered":"<p>[et_pb_section fb_built=&#8221;1&#8243; _builder_version=&#8221;4.27.4&#8243; _module_preset=&#8221;default&#8221; background_enable_color=&#8221;off&#8221; use_background_color_gradient=&#8221;on&#8221; background_color_gradient_direction=&#8221;360deg&#8221; background_color_gradient_stops=&#8221;#000000 0%|rgba(255,255,255,0) 50%&#8221; background_image=&#8221;https:\/\/sonosaigon.com\/wp-content\/uploads\/2025\/11\/1-1.png&#8221; background_blend=&#8221;overlay&#8221; global_colors_info=&#8221;{}&#8221;][et_pb_row _builder_version=&#8221;4.27.4&#8243; _module_preset=&#8221;default&#8221; global_colors_info=&#8221;{}&#8221;][et_pb_column type=&#8221;4_4&#8243; _builder_version=&#8221;4.27.4&#8243; _module_preset=&#8221;default&#8221; global_colors_info=&#8221;{}&#8221;][et_pb_image src=&#8221;https:\/\/sonosaigon.com\/wp-content\/uploads\/2025\/11\/Hat-lua.png&#8221; title_text=&#8221;Ha\u0323t lu\u0301a&#8221; align=&#8221;center&#8221; _builder_version=&#8221;4.27.4&#8243; _module_preset=&#8221;default&#8221; width=&#8221;10%&#8221; width_tablet=&#8221;10%&#8221; width_phone=&#8221;40%&#8221; width_last_edited=&#8221;on|phone&#8221; global_colors_info=&#8221;{}&#8221;][\/et_pb_image][et_pb_image src=&#8221;https:\/\/sonosaigon.com\/wp-content\/uploads\/2025\/11\/Lua.png&#8221; title_text=&#8221;Lu\u0301a&#8221; align=&#8221;center&#8221; _builder_version=&#8221;4.27.4&#8243; _module_preset=&#8221;default&#8221; width_tablet=&#8221;&#8221; width_phone=&#8221;68%&#8221; width_last_edited=&#8221;on|phone&#8221; custom_padding=&#8221;25px||25px||false|false&#8221; global_colors_info=&#8221;{}&#8221;][\/et_pb_image][et_pb_text _builder_version=&#8221;4.27.4&#8243; _module_preset=&#8221;default&#8221; text_text_color=&#8221;gcid-5b107e7e-737f-4e2c-933f-5c0496704852&#8243; text_font_size=&#8221;24px&#8221; text_line_height=&#8221;1.3em&#8221; width=&#8221;76%&#8221; width_tablet=&#8221;80%&#8221; width_phone=&#8221;98%&#8221; width_last_edited=&#8221;on|desktop&#8221; module_alignment=&#8221;center&#8221; hover_enabled=&#8221;0&#8243; text_font_size_tablet=&#8221;24px&#8221; text_font_size_phone=&#8221;24px&#8221; text_font_size_last_edited=&#8221;on|desktop&#8221; global_colors_info=&#8221;{%22gcid-5b107e7e-737f-4e2c-933f-5c0496704852%22:%91%22text_text_color%22%93}&#8221; sticky_enabled=&#8221;0&#8243;]<\/p>\n<p class=\"p1\" style=\"text-align: center;\">V\u1edbi tasting menu L\u00daA, S\u00f3no \u0111\u01b0a th\u1ef1c kh\u00e1ch v\u00e0o h\u00e0nh tr\u00ecnh c\u1ea3m nh\u1eadn \u201ch\u1ea1t g\u1ea1o Ta trong phong v\u1ecb T\u00e2y\u201dv\u00e0 kh\u00e1m ph\u00e1 s\u1ef1 phong ph\u00fa c\u1ee7a c\u00e1c lo\u1ea1i g\u1ea1o Vi\u1ec7t qua l\u0103ng k\u00ednh \u1ea9m th\u1ef1c hi\u1ec7n \u0111\u1ea1i. M\u1ed7i m\u00f3n \u1ee9ng v\u1edbi m\u1ed9t k\u1ef9 thu\u1eadt ch\u1ebf bi\u1ebfn ri\u00eang nh\u1eb1m t\u00f4n vinh s\u1ee9c s\u00e1ng t\u1ea1o v\u00f4 h\u1ea1n trong c\u00e1ch ch\u1ebf bi\u1ebfn lo\u1ea1i nguy\u00ean li\u1ec7u t\u1eeb ng\u00e0n x\u01b0a c\u1ee7a ng\u01b0\u1eddi Vi\u1ec7t. L\u00daA t\u00f4n vinh v\u1ebb \u0111\u1eb9p tinh tu\u00fd c\u1ee7a n\u1ec1n v\u0103n ho\u00e1 l\u00faa n\u01b0\u1edbc, k\u1ebft n\u1ed1i s\u00e2u s\u1eafc gi\u00e1 tr\u1ecb qu\u00ea h\u01b0\u01a1ng v\u1edbi phong v\u1ecb tinh t\u1ebf ph\u01b0\u01a1ng T\u00e2y.<\/p>\n<p>[\/et_pb_text][\/et_pb_column][\/et_pb_row][\/et_pb_section][et_pb_section fb_built=&#8221;1&#8243; _builder_version=&#8221;4.27.4&#8243; _module_preset=&#8221;default&#8221; background_enable_color=&#8221;off&#8221; use_background_color_gradient=&#8221;on&#8221; background_color_gradient_stops=&#8221;#000000 0%|rgba(255,255,255,0) 16%&#8221; background_image=&#8221;https:\/\/sonosaigon.com\/wp-content\/uploads\/2025\/11\/223232-scaled.jpg&#8221; background_blend=&#8221;overlay&#8221; height=&#8221;180vh&#8221; height_tablet=&#8221;180vh&#8221; height_phone=&#8221;180vh&#8221; height_last_edited=&#8221;on|desktop&#8221; global_colors_info=&#8221;{}&#8221;][et_pb_row custom_padding_last_edited=&#8221;on|tablet&#8221; _builder_version=&#8221;4.27.4&#8243; _module_preset=&#8221;default&#8221; custom_padding=&#8221;160vh||||false|false&#8221; custom_padding_tablet=&#8221;160vh||||false|false&#8221; custom_padding_phone=&#8221;65vh||||false|false&#8221; global_colors_info=&#8221;{}&#8221;][et_pb_column type=&#8221;4_4&#8243; _builder_version=&#8221;4.27.4&#8243; _module_preset=&#8221;default&#8221; global_colors_info=&#8221;{}&#8221;][et_pb_text _builder_version=&#8221;4.27.4&#8243; _module_preset=&#8221;default&#8221; text_text_color=&#8221;gcid-5b107e7e-737f-4e2c-933f-5c0496704852&#8243; text_font_size=&#8221;24px&#8221; text_line_height=&#8221;1.3em&#8221; width=&#8221;76%&#8221; width_tablet=&#8221;80%&#8221; width_phone=&#8221;98%&#8221; width_last_edited=&#8221;on|desktop&#8221; module_alignment=&#8221;center&#8221; text_font_size_tablet=&#8221;24px&#8221; text_font_size_phone=&#8221;24px&#8221; text_font_size_last_edited=&#8221;on|desktop&#8221; global_colors_info=&#8221;{%22gcid-5b107e7e-737f-4e2c-933f-5c0496704852%22:%91%22text_text_color%22,%22text_text_color%22%93}&#8221;]<\/p>\n<p class=\"p1\" style=\"text-align: center;\">With L\u00daA tasting menu, S\u00f3no welcome guests to a journey to experience \u201cVietnamese rice in Western refinement\u201d, and explore the richness of local grains through a modern culinary lens. Each dish highlights a distinct technique, honoring the boundless creativity with which Vietnamese people have transformed this ancient ingredient for generations. L\u00daA celebrates the essence of our rice-growing heritage, weaving the depth of Vietnamese culture with the refined elegance of Western culinary artistry.<\/p>\n<p>[\/et_pb_text][\/et_pb_column][\/et_pb_row][\/et_pb_section][et_pb_section fb_built=&#8221;1&#8243; _builder_version=&#8221;4.27.4&#8243; _module_preset=&#8221;default&#8221; background_enable_color=&#8221;off&#8221; use_background_color_gradient=&#8221;on&#8221; background_color_gradient_stops=&#8221;#000000 0%|rgba(255,255,255,0) 17%&#8221; background_image=&#8221;https:\/\/sonosaigon.com\/wp-content\/uploads\/2025\/11\/3-1-scaled.png&#8221; background_blend=&#8221;overlay&#8221; height=&#8221;180vh&#8221; height_tablet=&#8221;180vh&#8221; height_phone=&#8221;180vh&#8221; height_last_edited=&#8221;on|desktop&#8221; global_colors_info=&#8221;{}&#8221;][et_pb_row custom_padding_last_edited=&#8221;on|tablet&#8221; _builder_version=&#8221;4.27.4&#8243; _module_preset=&#8221;default&#8221; custom_padding=&#8221;160vh||||false|false&#8221; custom_padding_tablet=&#8221;160vh||||false|false&#8221; custom_padding_phone=&#8221;65vh||||false|false&#8221; global_colors_info=&#8221;{}&#8221;][et_pb_column type=&#8221;4_4&#8243; _builder_version=&#8221;4.27.4&#8243; _module_preset=&#8221;default&#8221; global_colors_info=&#8221;{}&#8221;][\/et_pb_column][\/et_pb_row][\/et_pb_section][et_pb_section fb_built=&#8221;1&#8243; _builder_version=&#8221;4.27.4&#8243; _module_preset=&#8221;default&#8221; custom_padding=&#8221;0px||||false|false&#8221; global_colors_info=&#8221;{}&#8221;][et_pb_row _builder_version=&#8221;4.27.4&#8243; _module_preset=&#8221;default&#8221; custom_padding=&#8221;0px||||false|false&#8221; global_colors_info=&#8221;{}&#8221;][et_pb_column type=&#8221;4_4&#8243; _builder_version=&#8221;4.27.4&#8243; _module_preset=&#8221;default&#8221; global_colors_info=&#8221;{}&#8221;][dondivi_grid grid_rows=&#8221;3&#8243; grid_gap=&#8221;0px&#8221; items_background_color=&#8221;RGBA(255,255,255,0)&#8221; grid_columns_tablet=&#8221;1&#8243; grid_columns_phone=&#8221;1&#8243; grid_columns_last_edited=&#8221;on|phone&#8221; _builder_version=&#8221;4.27.4&#8243; _module_preset=&#8221;default&#8221; title_text_align=&#8221;center&#8221; title_text_color=&#8221;gcid-5b107e7e-737f-4e2c-933f-5c0496704852&#8243; image_icon_custom_padding=&#8221;15px|0px|15px|0px|true|true&#8221; global_colors_info=&#8221;{%22gcid-5b107e7e-737f-4e2c-933f-5c0496704852%22:%91%22title_text_color%22%93}&#8221;][dondivi_grid_item cc_icon_image=&#8221;image&#8221; cc_image=&#8221;https:\/\/sonosaigon.com\/wp-content\/uploads\/2025\/11\/Rice-Seed-1.png&#8221; cc_title=&#8221;RICE SEED&#8221; _builder_version=&#8221;4.27.4&#8243; _module_preset=&#8221;default&#8221; global_colors_info=&#8221;{}&#8221;][\/dondivi_grid_item][dondivi_grid_item cc_icon_image=&#8221;image&#8221; cc_image=&#8221;https:\/\/sonosaigon.com\/wp-content\/uploads\/2025\/11\/Scallop-Cracker-1.png&#8221; cc_title=&#8221;SCALLOP CRACKER&#8221; _builder_version=&#8221;4.27.4&#8243; _module_preset=&#8221;default&#8221; global_colors_info=&#8221;{}&#8221;][\/dondivi_grid_item][dondivi_grid_item cc_icon_image=&#8221;image&#8221; cc_image=&#8221;https:\/\/sonosaigon.com\/wp-content\/uploads\/2025\/11\/PHO-1.png&#8221; cc_title=&#8221;PHO&#8221; _builder_version=&#8221;4.27.4&#8243; _module_preset=&#8221;default&#8221; global_colors_info=&#8221;{}&#8221;][\/dondivi_grid_item][dondivi_grid_item cc_icon_image=&#8221;image&#8221; cc_image=&#8221;https:\/\/sonosaigon.com\/wp-content\/uploads\/2025\/11\/Northern-Rice-Cake-2.png&#8221; cc_title=&#8221;NORTHERN RICE CAKE&#8221; _builder_version=&#8221;4.27.4&#8243; _module_preset=&#8221;default&#8221; global_colors_info=&#8221;{}&#8221;][\/dondivi_grid_item][dondivi_grid_item cc_icon_image=&#8221;image&#8221; cc_image=&#8221;https:\/\/sonosaigon.com\/wp-content\/uploads\/2025\/11\/Young-Rice-1.png&#8221; cc_title=&#8221;YOUNG RICE&#8221; _builder_version=&#8221;4.27.4&#8243; _module_preset=&#8221;default&#8221; global_colors_info=&#8221;{}&#8221;][\/dondivi_grid_item][dondivi_grid_item cc_icon_image=&#8221;image&#8221; cc_image=&#8221;https:\/\/sonosaigon.com\/wp-content\/uploads\/2025\/11\/Bamboo-Rice-1.png&#8221; cc_title=&#8221;BAMBOO RICE&#8221; _builder_version=&#8221;4.27.4&#8243; _module_preset=&#8221;default&#8221; global_colors_info=&#8221;{}&#8221;][\/dondivi_grid_item][dondivi_grid_item cc_icon_image=&#8221;image&#8221; cc_image=&#8221;https:\/\/sonosaigon.com\/wp-content\/uploads\/2025\/11\/Black-Rice-1.png&#8221; cc_title=&#8221;BLACK RICE&#8221; _builder_version=&#8221;4.27.4&#8243; _module_preset=&#8221;default&#8221; global_colors_info=&#8221;{}&#8221;][\/dondivi_grid_item][dondivi_grid_item cc_icon_image=&#8221;image&#8221; cc_image=&#8221;https:\/\/sonosaigon.com\/wp-content\/uploads\/2025\/11\/Mochi-1.png&#8221; cc_title=&#8221;MOCHI&#8221; _builder_version=&#8221;4.27.4&#8243; _module_preset=&#8221;default&#8221; global_colors_info=&#8221;{}&#8221;][\/dondivi_grid_item][dondivi_grid_item cc_icon_image=&#8221;image&#8221; cc_image=&#8221;https:\/\/sonosaigon.com\/wp-content\/uploads\/2025\/11\/Roasted-Rice-1.png&#8221; cc_title=&#8221;ROASTED RICE&#8221; _builder_version=&#8221;4.27.4&#8243; _module_preset=&#8221;default&#8221; global_colors_info=&#8221;{}&#8221;][\/dondivi_grid_item][\/dondivi_grid][\/et_pb_column][\/et_pb_row][\/et_pb_section][et_pb_section fb_built=&#8221;1&#8243; _builder_version=&#8221;4.27.4&#8243; _module_preset=&#8221;default&#8221; background_image=&#8221;https:\/\/sonosaigon.com\/wp-content\/uploads\/2025\/11\/4.png&#8221; height=&#8221;100vh&#8221; height_tablet=&#8221;100vh&#8221; height_phone=&#8221;100vh&#8221; height_last_edited=&#8221;on|desktop&#8221; locked=&#8221;off&#8221; global_colors_info=&#8221;{}&#8221;][et_pb_row custom_padding_last_edited=&#8221;on|desktop&#8221; _builder_version=&#8221;4.27.4&#8243; _module_preset=&#8221;default&#8221; custom_padding=&#8221;85vh||||false|false&#8221; custom_padding_tablet=&#8221;85vh||||false|false&#8221; custom_padding_phone=&#8221;35vh||||false|false&#8221; global_colors_info=&#8221;{}&#8221;][et_pb_column type=&#8221;4_4&#8243; _builder_version=&#8221;4.27.4&#8243; _module_preset=&#8221;default&#8221; global_colors_info=&#8221;{}&#8221;][et_pb_text _builder_version=&#8221;4.27.4&#8243; _module_preset=&#8221;default&#8221; header_2_text_color=&#8221;gcid-5b107e7e-737f-4e2c-933f-5c0496704852&#8243; global_colors_info=&#8221;{%22gcid-5b107e7e-737f-4e2c-933f-5c0496704852%22:%91%22header_2_text_color%22%93}&#8221;]<\/p>\n<h2 class=\"p1\" style=\"text-align: center;\">6.2024 &#8211; 6.2025 | L\u00daA<\/h2>\n<p>[\/et_pb_text][\/et_pb_column][\/et_pb_row][\/et_pb_section]<\/p>","protected":false},"excerpt":{"rendered":"<p>V\u1edbi tasting menu L\u00daA, S\u00f3no \u0111\u01b0a th\u1ef1c kh\u00e1ch v\u00e0o h\u00e0nh tr\u00ecnh c\u1ea3m nh\u1eadn \u201ch\u1ea1t g\u1ea1o Ta trong phong v\u1ecb T\u00e2y\u201dv\u00e0 kh\u00e1m ph\u00e1 s\u1ef1 phong ph\u00fa c\u1ee7a c\u00e1c lo\u1ea1i g\u1ea1o Vi\u1ec7t qua l\u0103ng k\u00ednh \u1ea9m th\u1ef1c hi\u1ec7n \u0111\u1ea1i. M\u1ed7i m\u00f3n \u1ee9ng v\u1edbi m\u1ed9t k\u1ef9 thu\u1eadt ch\u1ebf bi\u1ebfn ri\u00eang nh\u1eb1m t\u00f4n vinh s\u1ee9c s\u00e1ng t\u1ea1o v\u00f4 h\u1ea1n [&hellip;]<\/p>","protected":false},"author":1,"featured_media":874,"parent":0,"menu_order":0,"comment_status":"closed","ping_status":"closed","template":"","meta":{"_et_pb_use_builder":"on","_et_pb_old_content":"","_et_gb_content_width":"","footnotes":""},"class_list":["post-873","page","type-page","status-publish","has-post-thumbnail","hentry"],"_links":{"self":[{"href":"https:\/\/sonosaigon.com\/en\/wp-json\/wp\/v2\/pages\/873","targetHints":{"allow":["GET"]}}],"collection":[{"href":"https:\/\/sonosaigon.com\/en\/wp-json\/wp\/v2\/pages"}],"about":[{"href":"https:\/\/sonosaigon.com\/en\/wp-json\/wp\/v2\/types\/page"}],"author":[{"embeddable":true,"href":"https:\/\/sonosaigon.com\/en\/wp-json\/wp\/v2\/users\/1"}],"replies":[{"embeddable":true,"href":"https:\/\/sonosaigon.com\/en\/wp-json\/wp\/v2\/comments?post=873"}],"version-history":[{"count":16,"href":"https:\/\/sonosaigon.com\/en\/wp-json\/wp\/v2\/pages\/873\/revisions"}],"predecessor-version":[{"id":962,"href":"https:\/\/sonosaigon.com\/en\/wp-json\/wp\/v2\/pages\/873\/revisions\/962"}],"wp:featuredmedia":[{"embeddable":true,"href":"https:\/\/sonosaigon.com\/en\/wp-json\/wp\/v2\/media\/874"}],"wp:attachment":[{"href":"https:\/\/sonosaigon.com\/en\/wp-json\/wp\/v2\/media?parent=873"}],"curies":[{"name":"wp","href":"https:\/\/api.w.org\/{rel}","templated":true}]}}